{"id":4997,"date":"2019-09-30T12:11:40","date_gmt":"2019-09-30T12:11:40","guid":{"rendered":"http:\/\/projectsmetal.pl\/?page_id=4997"},"modified":"2024-02-05T18:02:12","modified_gmt":"2024-02-05T18:02:12","slug":"contact","status":"publish","type":"page","link":"https:\/\/projectsmetal.pl\/?page_id=4997","title":{"rendered":"Kontakt"},"content":{"rendered":"<p>[vc_section][vc_row el_name=&#8221;Column has animation \/ Column has bg image&#8221;][vc_column background_position=&#8221;left center&#8221; hide_bg_mobile=&#8221;true&#8221; delay=&#8221;true&#8221; css=&#8221;.vc_custom_1572536786807{background-image: url(http:\/\/projectsmetal.pl\/wp-content\/uploads\/2019\/10\/ut-dots.svg?id=5939) !important;background-position: center !important;background-repeat: no-repeat !important;background-size: contain !important;}&#8221; effect=&#8221;fadeIn&#8221; animation_duration=&#8221;2s&#8221; delay_timer=&#8221;0&#8243;]<style type=\"text\/css\">#ut_custom_heading69e4c48ee820d { font-size:200px !important;line-height:100% !important;letter-spacing:-0.04em; }@media (min-width: 1025px) and (max-width: 1679px) {#ut_custom_heading69e4c48ee820d { line-height:100% !important;letter-spacing:-0.04em; }}@media (min-width: 768px) and (max-width: 1024px) {#ut_custom_heading69e4c48ee820d { line-height:100% !important;letter-spacing:-0.04em; }}@media (max-width: 767px) {#ut_custom_heading69e4c48ee820d { line-height:100% !important;letter-spacing:-0.04em; }}#ut_custom_heading69e4c48ee820d { text-align:center; }@media (min-width: 768px) and (max-width: 1024px) { #ut_custom_heading69e4c48ee820d { text-align:center; } }@media (max-width: 767px) { #ut_custom_heading69e4c48ee820d { text-align:center; } }<\/style><h1 id=\"ut_custom_heading69e4c48ee820d\" data-responsive-font=\"h1\" data-responsive-font-settings=\"{&quot;base-font-size&quot;:&quot;200&quot;,&quot;font-size-unit&quot;:&quot;px&quot;,&quot;font-size&quot;:{&quot;desktop_large&quot;:&quot;200&quot;},&quot;base-line-height&quot;:&quot;100&quot;,&quot;line-height-unit&quot;:&quot;%&quot;,&quot;line-height&quot;:{&quot;desktop_large&quot;:&quot;100&quot;,&quot;desktop_small&quot;:&quot;100&quot;,&quot;tablet&quot;:&quot;100&quot;,&quot;mobile&quot;:&quot;100&quot;},&quot;base-letter-spacing&quot;:&quot;-0.04&quot;,&quot;letter-spacing&quot;:{&quot;desktop_large&quot;:&quot;-0.04&quot;}}\" class=\"ut-custom-heading-module  \" data-appear-effect=\"effect-2\" data-appear-top-offset=\"full\"><span class=\"\" >Kontakt<\/span><\/h1><div data-effect=\"fadeIn\" data-animateonce=\"yes\" data-delay=\"500\" class=\"wpb_content_element ut-animate-image animated  vc_custom_1706725520829 clearfix\"><style type=\"text\/css\">#ut_am_69e4c48eea4db { opacity: 1; }#ut_am_wrap_69e4c48eea4dc .ut-image-gallery-item-caption-title h3 { letter-spacing: 0em; }#ut_am_wrap_69e4c48eea4dc .ut-gallery-slider-caption { font-weight: bold; }#ut_am_wrap_69e4c48eea4dc { text-align: center; }@media (min-width: 768px) and (max-width: 1024px) { #ut_am_wrap_69e4c48eea4dc { text-align: center !important; } }@media (max-width: 767px) { #ut_am_wrap_69e4c48eea4dc { text-align: center !important; } }<\/style><div id=\"ut_am_wrap_69e4c48eea4dc\" class=\"ut-image-gallery-image ut-brush-demo-49\"><div id=\"ut_reveal_69e4c48eea4dd\"  data-appear-top-offset=\"auto\" class=\"ut-animated-image-item ut-image-gallery-item ut-animation-done \"><a class=\"ut-deactivated-link\" href=\"#\"><div class=\"ut-animated-image-zoom\"><img class=\"ut-lazy skip-lazy ut-animated-image \"  id=\"ut_am_69e4c48eea4db\" src=\"data:image\/svg+xml;charset=utf-8,%3Csvg xmlns%3D'http%3A%2F%2Fwww.w3.org%2F2000%2Fsvg' viewBox%3D'0 0 500 19'%2F%3E\" data-src=\"https:\/\/projectsmetal.pl\/wp-content\/uploads\/2019\/10\/ut-brush-43.png\" width=\"500\" height=\"19\" alt=\"\"\/><\/div><\/a><\/div><\/div><\/div>[vc_empty_space tablet_height=&#8221;20px&#8221; mobile_height=&#8221;20px&#8221;]<style type=\"text\/css\">#ut_custom_heading69e4c48eea71b { color:rgba(255, 255, 255, 0.7); }#ut_custom_heading69e4c48eea71b { font-family: \"Lora\";font-weight:400;font-style:normal; }#ut_custom_heading69e4c48eea71b { font-size:30px !important;line-height:150% !important;letter-spacing:-0.02em; }@media (min-width: 1025px) and (max-width: 1679px) {#ut_custom_heading69e4c48eea71b { line-height:150% !important;letter-spacing:-0.02em; }}@media (min-width: 768px) and (max-width: 1024px) {#ut_custom_heading69e4c48eea71b { line-height:150% !important;letter-spacing:-0.02em; }}@media (max-width: 767px) {#ut_custom_heading69e4c48eea71b { line-height:150% !important;letter-spacing:-0.02em; }}#ut_custom_heading69e4c48eea71b { text-align:center; }@media (min-width: 768px) and (max-width: 1024px) { #ut_custom_heading69e4c48eea71b { text-align:center; } }@media (max-width: 767px) { #ut_custom_heading69e4c48eea71b { text-align:center; } }<\/style><h2 id=\"ut_custom_heading69e4c48eea71b\" data-responsive-font=\"h2\" data-responsive-font-settings=\"{&quot;base-font-size&quot;:&quot;30&quot;,&quot;font-size-unit&quot;:&quot;px&quot;,&quot;font-size&quot;:{&quot;desktop_large&quot;:&quot;30&quot;},&quot;base-line-height&quot;:&quot;150&quot;,&quot;line-height-unit&quot;:&quot;%&quot;,&quot;line-height&quot;:{&quot;desktop_large&quot;:&quot;150&quot;,&quot;desktop_small&quot;:&quot;150&quot;,&quot;tablet&quot;:&quot;150&quot;,&quot;mobile&quot;:&quot;150&quot;},&quot;base-letter-spacing&quot;:&quot;-0.02&quot;,&quot;letter-spacing&quot;:{&quot;desktop_large&quot;:&quot;-0.02&quot;}}\" class=\"ut-custom-heading-module  \" data-appear-effect=\"effect-8\" data-appear-top-offset=\"full\" data-ut-wait=\"1\" data-ut-remove-wait=\"750\"><span class=\"\" >Masz jakie\u015b pytania? Skontaktuj si\u0119 z nami! S\u0142u\u017cymy pomoc\u0105 w ka\u017cdym zakresie us\u0142ug \u015blusarsko-spawalniczych !<\/span><\/h2>[\/vc_column][\/vc_row][\/vc_section][vc_section background_position=&#8221;center bottom&#8221; background_attachment=&#8221;fixed&#8221; section_separator_top_height=&#8221;100&#8243;][vc_row gap=&#8221;40&#8243; equal_height=&#8221;yes&#8221; content_placement=&#8221;top&#8221; background_position=&#8221;center center&#8221; delay=&#8221;true&#8221; css=&#8221;.vc_custom_1689277653109{background-image: url(http:\/\/projectsmetal.pl\/wp-content\/uploads\/2023\/07\/img_kontakt_2.jpg?id=8811) !important;background-position: 0 0 !important;background-repeat: repeat !important;}&#8221; effect=&#8221;fadeIn&#8221; delay_timer=&#8221;1000&#8243; el_name=&#8221;Row has animation&#8221;][vc_column width=&#8221;1\/3&#8243; css=&#8221;.vc_custom_1680985192249{background-color: #00fcfc !important;}&#8221; offset=&#8221;vc_col-lg-4 vc_col-md-4 vc_col-sm-4 vc_col-xs-12&#8243;]<style type=\"text\/css\">#ut_custom_heading69e4c48eea773 { color:#000000; }#ut_custom_heading69e4c48eea773 { font-size:20px !important;line-height:150% !important; }@media (min-width: 1025px) and (max-width: 1679px) {#ut_custom_heading69e4c48eea773 { line-height:150% !important; }}@media (min-width: 768px) and (max-width: 1024px) {#ut_custom_heading69e4c48eea773 { line-height:150% !important; }}@media (max-width: 767px) {#ut_custom_heading69e4c48eea773 { line-height:150% !important; }}#ut_custom_heading69e4c48eea773 { text-align:left; }@media (min-width: 768px) and (max-width: 1024px) { #ut_custom_heading69e4c48eea773 { text-align:left; } }@media (max-width: 767px) { #ut_custom_heading69e4c48eea773 { text-align:left; } }<\/style><h3 id=\"ut_custom_heading69e4c48eea773\" data-responsive-font=\"h3\" data-responsive-font-settings=\"{&quot;base-font-size&quot;:&quot;20&quot;,&quot;font-size-unit&quot;:&quot;px&quot;,&quot;font-size&quot;:{&quot;desktop_large&quot;:&quot;20&quot;},&quot;base-line-height&quot;:&quot;150&quot;,&quot;line-height-unit&quot;:&quot;%&quot;,&quot;line-height&quot;:{&quot;desktop_large&quot;:&quot;150&quot;,&quot;desktop_small&quot;:&quot;150&quot;,&quot;tablet&quot;:&quot;150&quot;,&quot;mobile&quot;:&quot;150&quot;},&quot;base-letter-spacing&quot;:&quot;global&quot;}\" class=\"ut-custom-heading-module   vc_custom_1680985279921\" ><span class=\"\" >Projects Metal<\/span><\/h3><style type=\"text\/css\">#ut_custom_heading69e4c48eea7a8 { color:rgb(0, 0, 0); }#ut_custom_heading69e4c48eea7a8 { font-size:12px !important;line-height:150% !important; }@media (min-width: 1025px) and (max-width: 1679px) {#ut_custom_heading69e4c48eea7a8 { line-height:150% !important; }}@media (min-width: 768px) and (max-width: 1024px) {#ut_custom_heading69e4c48eea7a8 { line-height:150% !important; }}@media (max-width: 767px) {#ut_custom_heading69e4c48eea7a8 { line-height:150% !important; }}#ut_custom_heading69e4c48eea7a8 { text-align:left; }@media (min-width: 768px) and (max-width: 1024px) { #ut_custom_heading69e4c48eea7a8 { text-align:left; } }@media (max-width: 767px) { #ut_custom_heading69e4c48eea7a8 { text-align:left; } }<\/style><p id=\"ut_custom_heading69e4c48eea7a8\" data-responsive-font=\"p\" data-responsive-font-settings=\"{&quot;base-font-size&quot;:&quot;12&quot;,&quot;font-size-unit&quot;:&quot;px&quot;,&quot;font-size&quot;:{&quot;desktop_large&quot;:&quot;12&quot;},&quot;base-line-height&quot;:&quot;150&quot;,&quot;line-height-unit&quot;:&quot;%&quot;,&quot;line-height&quot;:{&quot;desktop_large&quot;:&quot;150&quot;,&quot;desktop_small&quot;:&quot;150&quot;,&quot;tablet&quot;:&quot;150&quot;,&quot;mobile&quot;:&quot;150&quot;},&quot;base-letter-spacing&quot;:&quot;global&quot;}\" class=\"ut-custom-heading-module  \" ><span class=\"\" >Lewniowa 239<br \/>\n32-864 Gnojnik<br \/>\nwoj. Ma\u0142opolskie<\/span><\/p><style type=\"text\/css\">#ut_custom_heading69e4c48eea7d7 { color:rgb(0, 0, 0); }#ut_custom_heading69e4c48eea7d7 { font-size:12px !important;line-height:150% !important; }@media (min-width: 1025px) and (max-width: 1679px) {#ut_custom_heading69e4c48eea7d7 { line-height:150% !important; }}@media (min-width: 768px) and (max-width: 1024px) {#ut_custom_heading69e4c48eea7d7 { line-height:150% !important; }}@media (max-width: 767px) {#ut_custom_heading69e4c48eea7d7 { line-height:150% !important; }}#ut_custom_heading69e4c48eea7d7 { text-align:left; }@media (min-width: 768px) and (max-width: 1024px) { #ut_custom_heading69e4c48eea7d7 { text-align:left; } }@media (max-width: 767px) { #ut_custom_heading69e4c48eea7d7 { text-align:left; } }<\/style><p id=\"ut_custom_heading69e4c48eea7d7\" data-responsive-font=\"p\" data-responsive-font-settings=\"{&quot;base-font-size&quot;:&quot;12&quot;,&quot;font-size-unit&quot;:&quot;px&quot;,&quot;font-size&quot;:{&quot;desktop_large&quot;:&quot;12&quot;},&quot;base-line-height&quot;:&quot;150&quot;,&quot;line-height-unit&quot;:&quot;%&quot;,&quot;line-height&quot;:{&quot;desktop_large&quot;:&quot;150&quot;,&quot;desktop_small&quot;:&quot;150&quot;,&quot;tablet&quot;:&quot;150&quot;,&quot;mobile&quot;:&quot;150&quot;},&quot;base-letter-spacing&quot;:&quot;global&quot;}\" class=\"ut-custom-heading-module   vc_custom_1680985347425\" ><span class=\"\" ><a href=\"tel:+48537987786\">Tel: 537987786<\/a><\/span><\/p><style type=\"text\/css\">#ut_custom_heading69e4c48eea7fe { color:rgb(0, 0, 0); }#ut_custom_heading69e4c48eea7fe { font-size:12px !important;line-height:150% !important; }@media (min-width: 1025px) and (max-width: 1679px) {#ut_custom_heading69e4c48eea7fe { line-height:150% !important; }}@media (min-width: 768px) and (max-width: 1024px) {#ut_custom_heading69e4c48eea7fe { line-height:150% !important; }}@media (max-width: 767px) {#ut_custom_heading69e4c48eea7fe { line-height:150% !important; }}#ut_custom_heading69e4c48eea7fe { text-align:left; }@media (min-width: 768px) and (max-width: 1024px) { #ut_custom_heading69e4c48eea7fe { text-align:left; } }@media (max-width: 767px) { #ut_custom_heading69e4c48eea7fe { text-align:left; } }<\/style><p id=\"ut_custom_heading69e4c48eea7fe\" data-responsive-font=\"p\" data-responsive-font-settings=\"{&quot;base-font-size&quot;:&quot;12&quot;,&quot;font-size-unit&quot;:&quot;px&quot;,&quot;font-size&quot;:{&quot;desktop_large&quot;:&quot;12&quot;},&quot;base-line-height&quot;:&quot;150&quot;,&quot;line-height-unit&quot;:&quot;%&quot;,&quot;line-height&quot;:{&quot;desktop_large&quot;:&quot;150&quot;,&quot;desktop_small&quot;:&quot;150&quot;,&quot;tablet&quot;:&quot;150&quot;,&quot;mobile&quot;:&quot;150&quot;},&quot;base-letter-spacing&quot;:&quot;global&quot;}\" class=\"ut-custom-heading-module   vc_custom_1692998517633\" ><span class=\"\" >Email: <a href=\"mailto:biuro@projectsmetal.pl\">biuro@projectsmetal.pl<\/a><\/span><\/p>[vc_empty_space height=&#8221;20px&#8221;][\/vc_column][\/vc_row][\/vc_section]<\/p>\n","protected":false},"excerpt":{"rendered":"<p>[vc_section][vc_row el_name=&#8221;Column has animation \/ Column has bg image&#8221;][vc_column background_position=&#8221;left center&#8221; hide_bg_mobile=&#8221;true&#8221; delay=&#8221;true&#8221; css=&#8221;.vc_custom_1572536786807{background-image: url(http:\/\/projectsmetal.pl\/wp-content\/uploads\/2019\/10\/ut-dots.svg?id=5939) !important;background-position: center !important;background-repeat: no-repeat !important;background-size: contain !important;}&#8221; effect=&#8221;fadeIn&#8221; animation_duration=&#8221;2s&#8221; delay_timer=&#8221;0&#8243;][vc_empty_space tablet_height=&#8221;20px&#8221; mobile_height=&#8221;20px&#8221;][\/vc_column][\/vc_row][\/vc_section][vc_section background_position=&#8221;center bottom&#8221; background_attachment=&#8221;fixed&#8221; section_separator_top_height=&#8221;100&#8243;][vc_row gap=&#8221;40&#8243; equal_height=&#8221;yes&#8221; content_placement=&#8221;top&#8221; background_position=&#8221;center center&#8221; delay=&#8221;true&#8221; css=&#8221;.vc_custom_1689277653109{background-image: url(http:\/\/projectsmetal.pl\/wp-content\/uploads\/2023\/07\/img_kontakt_2.jpg?id=8811) !important;background-position: 0 0 !important;background-repeat: repeat !important;}&#8221; effect=&#8221;fadeIn&#8221; delay_timer=&#8221;1000&#8243; el_name=&#8221;Row has animation&#8221;][vc_column width=&#8221;1\/3&#8243; css=&#8221;.vc_custom_1680985192249{background-color: #00fcfc !important;}&#8221; offset=&#8221;vc_col-lg-4 [&hellip;]<\/p>\n","protected":false},"author":1,"featured_media":0,"parent":0,"menu_order":0,"comment_status":"closed","ping_status":"closed","template":"","meta":{"_vp_format_video_url":"","_vp_image_focal_point":[]},"_links":{"self":[{"href":"https:\/\/projectsmetal.pl\/index.php?rest_route=\/wp\/v2\/pages\/4997"}],"collection":[{"href":"https:\/\/projectsmetal.pl\/index.php?rest_route=\/wp\/v2\/pages"}],"about":[{"href":"https:\/\/projectsmetal.pl\/index.php?rest_route=\/wp\/v2\/types\/page"}],"author":[{"embeddable":true,"href":"https:\/\/projectsmetal.pl\/index.php?rest_route=\/wp\/v2\/users\/1"}],"replies":[{"embeddable":true,"href":"https:\/\/projectsmetal.pl\/index.php?rest_route=%2Fwp%2Fv2%2Fcomments&post=4997"}],"version-history":[{"count":20,"href":"https:\/\/projectsmetal.pl\/index.php?rest_route=\/wp\/v2\/pages\/4997\/revisions"}],"predecessor-version":[{"id":9032,"href":"https:\/\/projectsmetal.pl\/index.php?rest_route=\/wp\/v2\/pages\/4997\/revisions\/9032"}],"wp:attachment":[{"href":"https:\/\/projectsmetal.pl\/index.php?rest_route=%2Fwp%2Fv2%2Fmedia&parent=4997"}],"curies":[{"name":"wp","href":"https:\/\/api.w.org\/{rel}","templated":true}]}}